{"id":21,"date":"2015-03-18T10:10:54","date_gmt":"2015-03-18T10:10:54","guid":{"rendered":"http:\/\/vocalrecall.de\/index2015\/?page_id=21"},"modified":"2022-11-22T17:30:31","modified_gmt":"2022-11-22T17:30:31","slug":"referenzen","status":"publish","type":"page","link":"http:\/\/vocalrecall.de\/index2015\/referenzen\/","title":{"rendered":"Referenzen"},"content":{"rendered":"<p class=\"p1\"><span class=\"s1\"><b>Spielorte Abendprogramm:<\/b><\/span><span class=\"s2\"><b> (Auswahl)<\/b><\/span><\/p>\n<p class=\"p1\"><span class=\"s3\">Aschaffenburg &#8211; Hofgarten<\/span><\/p>\n<p class=\"p1\"><span class=\"s3\">Berlin &#8211; BKA-Theater<\/span><\/p>\n<p class=\"p1\"><span class=\"s3\">Berlin &#8211; Die W\u00fchlm\u00e4use<\/span><\/p>\n<p class=\"p1\"><span class=\"s3\">Berlin &#8211; Zebrano-Theater<\/span><\/p>\n<p class=\"p1\"><span class=\"s3\">Bochum &#8211; Bahnhof Langendreer<\/span><\/p>\n<p class=\"p1\"><span class=\"s3\">Bonn &#8211; Haus der Springmaus<\/span><\/p>\n<p class=\"p1\"><span class=\"s3\">Bremerhaven &#8211; TiF<\/span><\/p>\n<p class=\"p1\"><span class=\"s3\">Darmstadt &#8211; halbNeun-Theater<\/span><\/p>\n<p class=\"p1\"><span class=\"s3\">Ebersberg &#8211; Altes Kino<\/span><\/p>\n<p class=\"p1\"><span class=\"s3\">Erlangen &#8211; Fifty Fifty<\/span><\/p>\n<p class=\"p1\"><span class=\"s3\">Essen &#8211; Zeche Carl<\/span><\/p>\n<p class=\"p1\"><span class=\"s3\">Frankfurt (Main) &#8211; Neues Theater H\u00f6chst<\/span><\/p>\n<p class=\"p1\"><span class=\"s3\">Freiburg &#8211; Vorderhaus<\/span><\/p>\n<p class=\"p1\"><span class=\"s3\">Hamburg &#8211; Polittb\u00fcro<\/span><\/p>\n<p class=\"p1\"><span class=\"s3\">Hamburg &#8211; Schmidtchen<\/span><\/p>\n<p class=\"p1\"><span class=\"s3\">Hannover &#8211; TAK<\/span><\/p>\n<p class=\"p1\"><span class=\"s3\">Karlsruhe &#8211; Tollhaus<\/span><\/p>\n<p class=\"p1\"><span class=\"s3\">K\u00f6ln &#8211; B\u00fcrgerhaus Stollwerck<\/span><\/p>\n<p class=\"p1\"><span class=\"s3\">K\u00f6ln &#8211; Senft\u00f6pfchen<\/span><\/p>\n<p class=\"p1\"><span class=\"s3\">Leverkusen &#8211; Kolonie 1<\/span><\/p>\n<p class=\"p1\"><span class=\"s3\">L\u00f6rrach &#8211; Nellie Nashorn<\/span><\/p>\n<p class=\"p1\"><span class=\"s3\">Lorsch &#8211; Sapperlot-Theater<\/span><\/p>\n<p class=\"p1\"><span class=\"s3\">L\u00fcneburg &#8211; Kulturforum<\/span><\/p>\n<p class=\"p1\"><span class=\"s3\">Lutterbek &#8211; Lutterbeker<\/span><\/p>\n<p class=\"p1\"><span class=\"s3\">Mainz &#8211; Unterhaus<\/span><\/p>\n<p class=\"p1\"><span class=\"s3\">M\u00fcnchen &#8211; Freiheiz<\/span><\/p>\n<p class=\"p1\"><span class=\"s3\">M\u00fcnchen &#8211; Vereinsheim<\/span><\/p>\n<p class=\"p1\"><span class=\"s3\">Neum\u00fcnster &#8211; Statt-Theater<\/span><\/p>\n<p class=\"p1\"><span class=\"s3\">Recklinghausen &#8211; Ruhrfestspiele<\/span><\/p>\n<p class=\"p1\"><span class=\"s3\">Rostock &#8211; Ursprung<\/span><\/p>\n<p class=\"p1\"><span class=\"s3\">Scherzheim &#8211; Hoftheater<\/span><\/p>\n<p class=\"p1\"><span class=\"s3\">Schweinfurt &#8211; Disharmonie<\/span><\/p>\n<p class=\"p1\"><span class=\"s3\">Stuttgart &#8211; Renitenztheater<\/span><\/p>\n<p class=\"p1\"><span class=\"s3\">Trier &#8211; Tuchfabrik<\/span><\/p>\n<p class=\"p1\"><span class=\"s3\">Wiesbaden &#8211; Thalhaus<\/span><\/p>\n<p class=\"p1\"><span class=\"s3\">Wilhelmshaven &#8211; Pumpwerk<\/span><\/p>\n<p class=\"p1\"><span class=\"s3\">&nbsp;<\/span><\/p>\n<p class=\"p1\"><span class=\"s1\"><b>Wettbewerbe:<\/b><\/span><\/p>\n<p class=\"p1\"><span class=\"s3\">Deutscher Kabarettmeister 2012 (Gewinner der Kabarettbundesliga 2011\/2012)<\/span><\/p>\n<p class=\"p1\"><span class=\"s3\">1. Platz Rostocker Kabarettpreis \u201eKoggenzieher\u201c (Jury &amp; Publikum) 2012<\/span><\/p>\n<p class=\"p1\"><span class=\"s3\">1. Platz Schweiger Kleinkunstpreis \u201eDer Querdenker\u201c 2011<\/span><\/p>\n<p class=\"p1\"><span class=\"s3\">2. Platz Dortmunder Kabarett &amp; Comedy PokCal 2010<\/span><\/p>\n<p class=\"p1\"><span class=\"s3\">3. Platz <\/span>Paulaner Solo+ 2016<\/p>\n<p class=\"p1\"><span class=\"s3\">3. Platz Fr\u00e4nkischer Kabarettpreis 2012<\/span><\/p>\n<p class=\"p1\"><span class=\"s3\">3. Platz Euskirchener Kleinkunstpreis 2010<\/span><\/p>\n<p class=\"p1\">Barde von Aadorf (CH) &amp; Graf von Burgdorf (CH) 2016 (Wettbewerb &#8222;Die Kr\u00f6nung&#8220;)<\/p>\n<p class=\"p1\">Herborner Schlumpeweck 2015 (Jurypreis)<\/p>\n<p class=\"p1\"><span class=\"s1\">nominiert f\u00fcr:<\/span><\/p>\n<p class=\"p1\"><span class=\"s3\">St. Ingberter Pfanne 2017<\/span><\/p>\n<p class=\"p1\"><span class=\"s3\">Stuttgarter Besen 2012<\/span><\/p>\n<p class=\"p1\"><span class=\"s3\">Reinheimer Satirel\u00f6we 2011<\/span><\/p>\n<p class=\"p1\"><span class=\"s3\">Swiss Comedy Award 2011<\/span><\/p>\n<p class=\"p1\"><span class=\"s3\">Tuttlinger Kr\u00e4he 2011<\/span><\/p>\n<p class=\"p1\"><span class=\"s3\">Goldener Rottweiler 2011<\/span><\/p>\n<p class=\"p1\"><span class=\"s3\">&nbsp;<\/span><\/p>\n<p class=\"p1\"><span class=\"s1\"><b>TV \/ Radio:<\/b><\/span><\/p>\n<p class=\"p1\"><span class=\"s3\">HR-Fernsehen &#8222;Hessen lacht&#8220; mit Dieter Voss<\/span><\/p>\n<p class=\"p1\"><span class=\"s3\">HR2 &#8222;H\u00f6rgala&#8220; mit Alf Mentzer<\/span><\/p>\n<p class=\"p1\"><span class=\"s3\">Radio 1 mit Marion Brasch<\/span><\/p>\n<p class=\"p1\"><span class=\"s3\">SR-Fernsehen &#8222;Alfons und G\u00e4ste&#8220; mit Alfons<\/span><\/p>\n<p class=\"p1\"><span class=\"s3\">SR-Fernsehen &#8222;Kabarett.com&#8220; mit Philipp Scharrenberger<\/span><\/p>\n<p class=\"p1\"><span class=\"s3\">WDR5 &#8222;Hart an der Grenze&#8220; mit Wilfried Schmickler<\/span><\/p>\n<p class=\"p1\"><span class=\"s3\">&nbsp;<\/span><\/p>\n<p class=\"p1\"><span class=\"s1\"><b>Abendprogramme:<\/b><\/span><\/p>\n<p class=\"p1\"><span class=\"s3\">M\u00e4r 2022: \u201eDie Zeit ist live\u201c<\/span><\/p>\n<p class=\"p1\"><span class=\"s3\">M\u00e4r 2018: \u201eIrgendwas stimmt immer\u201c<\/span><\/p>\n<p class=\"p1\"><span class=\"s3\">Okt 2015: \u201eDie gro\u00dfe Schl\u00e4gerparade d&#8217;Erfolgsmusik\u201c<\/span><\/p>\n<p class=\"p1\"><span class=\"s3\">Okt 2012: \u201eEin L\u00e4rm, der deinen Namen tr\u00e4gt\u201c<\/span><\/p>\n<p class=\"p1\"><span class=\"s3\">Mai 2010: \u201eDieser Keks wird kein weicher sein\u201c<\/span><\/p>\n<p class=\"p1\"><span class=\"s3\">&nbsp;<\/span><\/p>\n<p class=\"p1\"><span class=\"s1\"><b>Tontr\u00e4ger:<\/b><\/span><\/p>\n<p class=\"p1\"><span class=\"s3\">2022: <span class=\"s4\"><a href=\"http:\/\/vocalrecall.de\/index2015\/shop\/\">Vocal Recall &#8211; Die Zeit ist live<\/a><\/span> (Studio-Audio-CD)<\/span><\/p>\n<p class=\"p1\"><span class=\"s3\">2018: <span class=\"s4\"><a href=\"http:\/\/vocalrecall.de\/index2015\/shop\/\">Vocal Recall &#8211; Irgendwas stimmt immer<\/a><\/span> (Studio-Audio-CD)<\/span><\/p>\n<p class=\"p1\"><span class=\"s3\">2017: <span class=\"s4\"><a href=\"http:\/\/vocalrecall.de\/index2015\/shop\/\">Vocal Recall &#8211; Die gro\u00dfe Schl\u00e4gerparade d&#8217;Erfolgsmusik<\/a><\/span> (Studio-Audio-CD)<\/span><\/p>\n<p class=\"p1\"><span class=\"s3\">2016: <span class=\"s4\"><a href=\"http:\/\/vocalrecall.de\/index2015\/shop\/\">Vocal Recall &#8211; Ein L\u00e4rm, der deinen Namen tr\u00e4gt<\/a><\/span> (Studio-Audio-CD)<\/span><\/p>\n<p class=\"p1\"><span class=\"s3\">2014: <a href=\"http:\/\/vocalrecall.de\/index2015\/shop\/\"><span class=\"s4\">Vocal Recall &#8211; Dieser Keks wird kein weicher sein<\/span><\/a> (Live-Audio-CD aus den W\u00fchlm\u00e4usen, Berlin und dem Senft\u00f6pfchen, K\u00f6ln)<\/span><\/p>\n<p class=\"p1\"><span class=\"s3\">&nbsp;<\/span><\/p>\n","protected":false},"excerpt":{"rendered":"<p>Spielorte Abendprogramm: (Auswahl) Aschaffenburg &#8211; Hofgarten Berlin &#8211; BKA-Theater Berlin &#8211; Die W\u00fchlm\u00e4use Berlin &#8211; Zebrano-Theater Bochum &#8211; Bahnhof Langendreer Bonn &#8211; Haus der Springmaus Bremerhaven<span class=\"excerpt-hellip\"> [\u2026]<\/span><\/p>\n","protected":false},"author":3,"featured_media":0,"parent":0,"menu_order":0,"comment_status":"open","ping_status":"open","template":"","meta":{"ngg_post_thumbnail":0,"footnotes":""},"class_list":["post-21","page","type-page","status-publish","hentry"],"_links":{"self":[{"href":"http:\/\/vocalrecall.de\/index2015\/wp-json\/wp\/v2\/pages\/21","targetHints":{"allow":["GET"]}}],"collection":[{"href":"http:\/\/vocalrecall.de\/index2015\/wp-json\/wp\/v2\/pages"}],"about":[{"href":"http:\/\/vocalrecall.de\/index2015\/wp-json\/wp\/v2\/types\/page"}],"author":[{"embeddable":true,"href":"http:\/\/vocalrecall.de\/index2015\/wp-json\/wp\/v2\/users\/3"}],"replies":[{"embeddable":true,"href":"http:\/\/vocalrecall.de\/index2015\/wp-json\/wp\/v2\/comments?post=21"}],"version-history":[{"count":30,"href":"http:\/\/vocalrecall.de\/index2015\/wp-json\/wp\/v2\/pages\/21\/revisions"}],"predecessor-version":[{"id":1211,"href":"http:\/\/vocalrecall.de\/index2015\/wp-json\/wp\/v2\/pages\/21\/revisions\/1211"}],"wp:attachment":[{"href":"http:\/\/vocalrecall.de\/index2015\/wp-json\/wp\/v2\/media?parent=21"}],"curies":[{"name":"wp","href":"https:\/\/api.w.org\/{rel}","templated":true}]}}