{"id":23,"date":"2015-03-18T10:11:09","date_gmt":"2015-03-18T10:11:09","guid":{"rendered":"http:\/\/vocalrecall.de\/index2015\/?page_id=23"},"modified":"2018-05-29T22:58:16","modified_gmt":"2018-05-29T22:58:16","slug":"pressestimmen","status":"publish","type":"page","link":"http:\/\/vocalrecall.de\/index2015\/pressestimmen\/","title":{"rendered":"Pressestimmen"},"content":{"rendered":"<p class=\"p1\"><span class=\"s1\"><i>&#8222;So sch\u00f6n und so sch\u00f6n schr\u00e4g, dass sie Kult werden k\u00f6nnen.&#8220;<\/i><\/span><\/p>\n<p class=\"p1\"><span class=\"s1\">Westdeutsche Allgemeine Zeitung<\/span><\/p>\n<p class=\"p1\"><span class=\"s1\">&nbsp;<\/span><\/p>\n<p class=\"p1\"><span class=\"s1\"><i>&#8222;Das ist Gesang und lustig. Also sehr empfehlenswert.&#8220;<\/i><\/span><\/p>\n<p class=\"p1\"><span class=\"s1\">zitty Berlin<\/span><\/p>\n<p class=\"p1\"><span class=\"s1\">&nbsp;<\/span><\/p>\n<p class=\"p1\"><span class=\"s1\"><i>&#8222;War es ein Konzert? Oder war es doch eher Kabarett? Auf jeden Fall war die Mischung brillant.&#8220;<\/i><\/span><\/p>\n<p class=\"p1\"><span class=\"s1\">Ostth\u00fcringer Zeitung<\/span><\/p>\n<p class=\"p1\"><span class=\"s1\">&nbsp;<\/span><\/p>\n<p class=\"p1\"><span class=\"s1\"><i>&#8222;Hochmusikalisch, einfallsreich und virtuos verarbeiten die vier Berliner Hits aller Stilrichtungen aus drei Jahrhunderten zu etwas ganz Neuem. Auch die Texte sind neu gefasst, mal skurril bis absurd, mal mit bissigen Seitenhieben auf modernes Leben, aber immer geistreich und wortgewandt.&#8220;<\/i><\/span><\/p>\n<p class=\"p1\"><span class=\"s1\">S\u00fcdkurier<\/span><\/p>\n<p class=\"p1\"><span class=\"s1\">&nbsp;<\/span><\/p>\n<p class=\"p1\"><span class=\"s1\"><i>&#8222;Musikalisch war die Neuinterpretation der vier K\u00fcnstler \u00fcbrigens \u00fcberzeugender als manches Original.&#8220;<\/i><\/span><\/p>\n<p class=\"p1\"><span class=\"s1\">NWZ online<\/span><\/p>\n<p class=\"p1\"><span class=\"s1\">&nbsp;<\/span><\/p>\n<p class=\"p1\"><span class=\"s1\"><i>&#8222;Die Texte spr\u00fchen vor Sprachwitz, die Vokalakteure geben sich auf der B\u00fchne angenehm selbstironisch, das Tempo stimmt, der Spielwitz sitzt pr\u00e4zise.&#8220;<\/i><\/span><\/p>\n<p class=\"p1\"><span class=\"s1\">Die Nordddeutsche<\/span><\/p>\n<p class=\"p1\"><span class=\"s1\">&nbsp;<\/span><\/p>\n<p class=\"p1\"><span class=\"s1\"><i>&#8222;Hinter vordergr\u00fcndigem Nonsens blitzt manch tiefere Einsicht aus den pers\u00f6nlich erlebten Niederungen des Alltags. Sie formulieren das ausgezeichnet auf den Punkt und stimmlich perfekt, auch dank solider Ausbildung. [&#8230;] Gro\u00dfartig, witzig und musikalisch stets hinrei\u00dfend.&#8220;<\/i><\/span><\/p>\n<p class=\"p1\"><span class=\"s1\">Landeszeitung L\u00fcneburg<\/span><\/p>\n<p class=\"p1\"><span class=\"s1\">&nbsp;<\/span><\/p>\n<p class=\"p1\"><span class=\"s1\"><i>&#8222;Das Ganze als geniales Geschnatter zu werten, w\u00e4re jedoch zu einfach. Die K\u00fcnstler, allen voran Filmkomponist und Pianist Martin Rosengarten, sind sehr gute Musiker. Sie haben schelmischen Witz und verstr\u00f6men den nostalgischen Charme einer Boygroup.&#8220;<\/i><\/span><\/p>\n<p class=\"p1\"><span class=\"s1\">S\u00fcddeutsche<\/span><\/p>\n<p class=\"p1\"><span class=\"s1\">&nbsp;<\/span><\/p>\n<p class=\"p1\"><span class=\"s1\"><i>&#8222;Nach all den fast gesichtslos perfekten A-cappella-Formationen, die sich auf deutschen B\u00fchnen tummeln, wagt mit \u201eVocal Recall\u201c ein tastenbegleitetes Trio den Sprung in die Kleinkunst-Arena, bei dem die Liebe zur Musik noch richtig sp\u00fcrbar ist! [&#8230;] St\u00e4ndig erwischt man sich beim Gedanken \u201eDas kennst Du doch!\u201c und muss sich ermahnen, dem unterhaltsamen B\u00fchnentreiben zu lauschen, anstatt in seinen Gehirnwindungen nach dem Original zu fahnden.&#8220;<\/i><\/span><\/p>\n<p class=\"p1\"><span class=\"s1\">Allgemeine Zeitung<\/span><\/p>\n<p class=\"p1\"><span class=\"s1\">&nbsp;<\/span><\/p>\n<p class=\"p1\"><span class=\"s1\"><i>&#8222;Keine Ahnung, wie die drei Vokalisten samt Piano-Man arbeiten, aber heraus kommt auf jeden Fall eine unwiderstehliche Mischung aus Kabarett und Musik \u2013 f\u00fcr das Pr\u00e4dikat \u201eComedy\u201c sind \u201eVocal Recall\u201c aus Berlin einfach zu intelligent. [&#8230;] Wollte man alles mitschreiben, man verl\u00f6re bald gegen die schiere Geschwindigkeit der Melodienabfolge. [&#8230;] Das ganze, pralle Leben kommt in ihrem Programm vor. Alles hervorragend zusammengehalten durch Musikalit\u00e4t, Charme und einen fein ziselierten Umgang mit Worten, den man sich auf der Kabarett- und auch auf der Comedyb\u00fchne viel \u00f6fter w\u00fcnschen w\u00fcrde.&#8220;<\/i><\/span><\/p>\n<p class=\"p1\"><span class=\"s1\">Wiesbadener Kurier<\/span><\/p>\n<p class=\"p1\"><span class=\"s1\">&nbsp;<\/span><\/p>\n<p class=\"p1\"><span class=\"s1\"><i>&#8222;Vier Musiker mit Leidenschaft f\u00fcr ihr Werk, mit Qualit\u00e4t und Wandelbarkeit der Stimmen, gutem Satzgesang: Die charmante Alice K\u00f6fer, die uns schon mit ihrem Berlinerisch und ihrer Mimik zum Schmunzeln bringt. Der verkannte Dichterf\u00fcrst Dieter Behrens, Humorist eigener G\u00fcte und S\u00e4nger, der es m\u00fchelos wie klar in Kopfstimmen-Lagen schafft. Die tiefen T\u00f6ne, geschmeidige Mitten und Blockfl\u00f6ten-Garnitur steuert Bernhard Leube bei. [&#8230;] Ein echter Mann am Klavier, Matthias Behrsing, gibt den Vokalisten stabile Grundlage und manch sch\u00f6n-schr\u00e4g-illustratives Klanggebilde.&#8220;<\/i><\/span><\/p>\n<p class=\"p1\"><span class=\"s1\">Allg\u00e4uer Anzeigeblatt<\/span><\/p>\n<p class=\"p1\"><span class=\"s1\">&nbsp;<\/span><\/p>\n","protected":false},"excerpt":{"rendered":"<p>&#8222;So sch\u00f6n und so sch\u00f6n schr\u00e4g, dass sie Kult werden k\u00f6nnen.&#8220; Westdeutsche Allgemeine Zeitung &nbsp; &#8222;Das ist Gesang und lustig. Also sehr empfehlenswert.&#8220; zitty Berlin &nbsp;<span class=\"excerpt-hellip\"> [\u2026]<\/span><\/p>\n","protected":false},"author":3,"featured_media":0,"parent":0,"menu_order":0,"comment_status":"open","ping_status":"open","template":"","meta":{"ngg_post_thumbnail":0,"footnotes":""},"class_list":["post-23","page","type-page","status-publish","hentry"],"_links":{"self":[{"href":"http:\/\/vocalrecall.de\/index2015\/wp-json\/wp\/v2\/pages\/23","targetHints":{"allow":["GET"]}}],"collection":[{"href":"http:\/\/vocalrecall.de\/index2015\/wp-json\/wp\/v2\/pages"}],"about":[{"href":"http:\/\/vocalrecall.de\/index2015\/wp-json\/wp\/v2\/types\/page"}],"author":[{"embeddable":true,"href":"http:\/\/vocalrecall.de\/index2015\/wp-json\/wp\/v2\/users\/3"}],"replies":[{"embeddable":true,"href":"http:\/\/vocalrecall.de\/index2015\/wp-json\/wp\/v2\/comments?post=23"}],"version-history":[{"count":13,"href":"http:\/\/vocalrecall.de\/index2015\/wp-json\/wp\/v2\/pages\/23\/revisions"}],"predecessor-version":[{"id":906,"href":"http:\/\/vocalrecall.de\/index2015\/wp-json\/wp\/v2\/pages\/23\/revisions\/906"}],"wp:attachment":[{"href":"http:\/\/vocalrecall.de\/index2015\/wp-json\/wp\/v2\/media?parent=23"}],"curies":[{"name":"wp","href":"https:\/\/api.w.org\/{rel}","templated":true}]}}